{"id":38,"date":"2020-02-28T07:55:24","date_gmt":"2020-02-28T07:55:24","guid":{"rendered":"http:\/\/bergasthofkogl.de\/?page_id=38"},"modified":"2020-02-28T07:55:24","modified_gmt":"2020-02-28T07:55:24","slug":"freizeitaktivitaeten","status":"publish","type":"page","link":"https:\/\/berggasthofkogl.de\/?page_id=38","title":{"rendered":"Freizeitaktivit\u00e4ten"},"content":{"rendered":"\n<p>Sommer wie Winter bietet Ihnen unser sch\u00f6nes Inntal abwechslungsreiche Freizeitaktivit\u00e4ten.<\/p>\n\n\n\n<ul class=\"wp-block-list\"><li>Radtouren im Inntal entlang ausgewiesenen Radwegen \n<\/li><li>Mountainbiketouren auf den zahlreichen Bergstra\u00dfen und Wander-\/Radwegen.&nbsp;&nbsp; \n<\/li><li>Nordik-Walking (gef\u00fchrte Kurse werden&nbsp;vom Fremdenverkehrsamt Brannenburg&nbsp;angeboten) \n<\/li><li>Wandern in den bayrischen Voralpen<br><a href=\"http:\/\/www.roberge.de\/\" target=\"_blank\" rel=\"noreferrer noopener\">Wanderungen in und um Brannenburg <\/a>\n<\/li><li>Zahnradbahn auf den Wendelstein, Besuch der H\u00f6hle&nbsp; \n<\/li><li>Badevergn\u00fcgen in den umliegenden Seen, Freib\u00e4dern und Erlebnisschwimmb\u00e4dern \n<\/li><li>Chiemseeschifffahrt mit Besuch des K\u00f6nigsschlosses und Besuch der Fraueninsel \n<\/li><li>Besuch der Festung Kufstein \n<\/li><li>Innsbruck Alpenzoo<\/li><\/ul>\n\n\n\n<ul class=\"wp-block-list\"><li><a href=\"http:\/\/www.wendelsteinbahn.de\/\" target=\"_blank\" rel=\"noreferrer noopener\">Wendelstein<\/a> <br>(10 Autominuten zur Talstation) \n<\/li><li><a href=\"http:\/\/www.sudelfeld.de\/\" target=\"_blank\" rel=\"noreferrer noopener\">Sudelfeld<\/a> <br>(20 Autominuten zu den Liften) \n<\/li><li><a href=\"http:\/\/www.hocheck.com\/\" target=\"_blank\" rel=\"noreferrer noopener\">Oberaudorf<\/a> <br>(20 Autominuten zu den Liften) \n<\/li><li><a href=\"http:\/\/www.skiwelt.at\/\" target=\"_blank\" rel=\"noreferrer noopener\">Kaisergebiet Tiro<\/a>l <br>(ca.&nbsp;30 Autominuten zu den Talstationen) \n<\/li><li>Ellmau \/ Scheffau <br>(ca.&nbsp;30 Autominuten zu den Talstationen) \n<\/li><li>Steinplatte \/ Ruhpolding <br>(ca. 45 Autominuten zu den Skigebieten) \n<\/li><li>Langlauf (diverse Loipen in Brannenburg und den umliegenden Orten) \n<\/li><li>Rodeln \/ Schlittenfahren <br>(Rodelbahn in Oberaudorf und diverse Naturrodelstrecken in und um Brannenburg) <\/li><\/ul>\n","protected":false},"excerpt":{"rendered":"<p>Sommer wie Winter bietet Ihnen unser sch\u00f6nes Inntal abwechslungsreiche Freizeitaktivit\u00e4ten. Radtouren im Inntal entlang ausgewiesenen Radwegen Mountainbiketouren auf den zahlreichen Bergstra\u00dfen und Wander-\/Radwegen.&nbsp;&nbsp; Nordik-Walking (gef\u00fchrte Kurse werden&nbsp;vom Fremdenverkehrsamt Brannenburg&nbsp;angeboten) Wandern in den bayrischen VoralpenWanderungen in und um Brannenburg Zahnradbahn auf den Wendelstein, Besuch der H\u00f6hle&nbsp; Badevergn\u00fcgen in den umliegenden Seen, Freib\u00e4dern und Erlebnisschwimmb\u00e4dern Chiemseeschifffahrt mit &hellip; <\/p>\n<p class=\"link-more\"><a href=\"https:\/\/berggasthofkogl.de\/?page_id=38\" class=\"more-link\"><span class=\"screen-reader-text\">\u201eFreizeitaktivit\u00e4ten\u201c<\/span> weiterlesen<\/a><\/p>\n","protected":false},"author":1,"featured_media":0,"parent":0,"menu_order":0,"comment_status":"closed","ping_status":"closed","template":"","meta":{"footnotes":""},"class_list":["post-38","page","type-page","status-publish","hentry"],"_links":{"self":[{"href":"https:\/\/berggasthofkogl.de\/index.php?rest_route=\/wp\/v2\/pages\/38","targetHints":{"allow":["GET"]}}],"collection":[{"href":"https:\/\/berggasthofkogl.de\/index.php?rest_route=\/wp\/v2\/pages"}],"about":[{"href":"https:\/\/berggasthofkogl.de\/index.php?rest_route=\/wp\/v2\/types\/page"}],"author":[{"embeddable":true,"href":"https:\/\/berggasthofkogl.de\/index.php?rest_route=\/wp\/v2\/users\/1"}],"replies":[{"embeddable":true,"href":"https:\/\/berggasthofkogl.de\/index.php?rest_route=%2Fwp%2Fv2%2Fcomments&post=38"}],"version-history":[{"count":1,"href":"https:\/\/berggasthofkogl.de\/index.php?rest_route=\/wp\/v2\/pages\/38\/revisions"}],"predecessor-version":[{"id":40,"href":"https:\/\/berggasthofkogl.de\/index.php?rest_route=\/wp\/v2\/pages\/38\/revisions\/40"}],"wp:attachment":[{"href":"https:\/\/berggasthofkogl.de\/index.php?rest_route=%2Fwp%2Fv2%2Fmedia&parent=38"}],"curies":[{"name":"wp","href":"https:\/\/api.w.org\/{rel}","templated":true}]}}