{"id":35,"date":"2020-02-28T07:54:40","date_gmt":"2020-02-28T07:54:40","guid":{"rendered":"http:\/\/bergasthofkogl.de\/?page_id=35"},"modified":"2025-05-20T08:30:51","modified_gmt":"2025-05-20T08:30:51","slug":"ferienwohnung","status":"publish","type":"page","link":"https:\/\/berggasthofkogl.de\/?page_id=35","title":{"rendered":"Ferienwohnungen"},"content":{"rendered":"\n<h2 class=\"wp-block-heading has-text-align-center has-text-color\" style=\"color:#257e2d;font-size:25px\"><strong>Urlaub ist die sch\u00f6nste Zeit!<\/strong><\/h2>\n\n\n\n<pre class=\"wp-block-verse has-text-align-center\">Unsere ger\u00e4umigen, liebevoll eingerichteten Ferienwohnungen im 1. Stock mit Balkon und sch\u00f6ner Aussicht \u00fcbers Inntal bieten sich immer f\u00fcr eine kleine Auszeit an.\n\nPlatz ist in unseren ger\u00e4umigen 70qm gro\u00dfen Ferienwohnungen f\u00fcr 2-4 Personen.\nIn unseren Ferienwohnungen ist in jeder Ferienwohnung ein Doppelzimmer und ein Zweibettzimmer.\n\nGerne nehmen wir Ihre Anfrage\/Fragen f\u00fcr unsere Ferienwohnungen telefonisch oder per E-Mail entgegen.<\/pre>\n\n\n<div class=\"wp-block-image is-resized is-style-rounded\">\n<figure class=\"aligncenter size-large\"><img loading=\"lazy\" decoding=\"async\" width=\"1024\" height=\"768\" src=\"http:\/\/bergasthofkogl.de\/wp-content\/uploads\/2021\/06\/IMG_1841-1-1024x768.jpg\" alt=\"\" class=\"wp-image-254\" style=\"width:525px;height:auto\" srcset=\"https:\/\/berggasthofkogl.de\/wp-content\/uploads\/2021\/06\/IMG_1841-1-1024x768.jpg 1024w, https:\/\/berggasthofkogl.de\/wp-content\/uploads\/2021\/06\/IMG_1841-1-300x225.jpg 300w, https:\/\/berggasthofkogl.de\/wp-content\/uploads\/2021\/06\/IMG_1841-1-768x576.jpg 768w, https:\/\/berggasthofkogl.de\/wp-content\/uploads\/2021\/06\/IMG_1841-1-1536x1152.jpg 1536w, https:\/\/berggasthofkogl.de\/wp-content\/uploads\/2021\/06\/IMG_1841-1-2048x1536.jpg 2048w\" sizes=\"auto, (max-width: 706px) 89vw, (max-width: 767px) 82vw, 740px\" \/><figcaption class=\"wp-element-caption\">Blick \u00fcber\u00b4s Inntal<\/figcaption><\/figure>\n<\/div>\n\n<div class=\"wp-block-image is-resized is-style-rounded\">\n<figure class=\"aligncenter size-large\"><img loading=\"lazy\" decoding=\"async\" width=\"1024\" height=\"768\" src=\"http:\/\/bergasthofkogl.de\/wp-content\/uploads\/2022\/06\/IMG_8586-1024x768.jpg\" alt=\"\" class=\"wp-image-426\" style=\"width:493px;height:auto\" srcset=\"https:\/\/berggasthofkogl.de\/wp-content\/uploads\/2022\/06\/IMG_8586-1024x768.jpg 1024w, https:\/\/berggasthofkogl.de\/wp-content\/uploads\/2022\/06\/IMG_8586-300x225.jpg 300w, https:\/\/berggasthofkogl.de\/wp-content\/uploads\/2022\/06\/IMG_8586-768x576.jpg 768w, https:\/\/berggasthofkogl.de\/wp-content\/uploads\/2022\/06\/IMG_8586-1536x1152.jpg 1536w, https:\/\/berggasthofkogl.de\/wp-content\/uploads\/2022\/06\/IMG_8586-2048x1536.jpg 2048w\" sizes=\"auto, (max-width: 706px) 89vw, (max-width: 767px) 82vw, 740px\" \/><figcaption class=\"wp-element-caption\">Wohnzimmer mit Sofa und TV<\/figcaption><\/figure>\n<\/div>\n\n<div class=\"wp-block-image is-resized is-style-rounded\">\n<figure class=\"aligncenter size-large\"><img loading=\"lazy\" decoding=\"async\" width=\"1024\" height=\"768\" src=\"http:\/\/bergasthofkogl.de\/wp-content\/uploads\/2022\/08\/IMG_9072-Schlafzimmer-1024x768.jpg\" alt=\"\" class=\"wp-image-451\" style=\"width:488px;height:auto\" srcset=\"https:\/\/berggasthofkogl.de\/wp-content\/uploads\/2022\/08\/IMG_9072-Schlafzimmer-1024x768.jpg 1024w, https:\/\/berggasthofkogl.de\/wp-content\/uploads\/2022\/08\/IMG_9072-Schlafzimmer-300x225.jpg 300w, https:\/\/berggasthofkogl.de\/wp-content\/uploads\/2022\/08\/IMG_9072-Schlafzimmer-768x576.jpg 768w, https:\/\/berggasthofkogl.de\/wp-content\/uploads\/2022\/08\/IMG_9072-Schlafzimmer-1536x1152.jpg 1536w, https:\/\/berggasthofkogl.de\/wp-content\/uploads\/2022\/08\/IMG_9072-Schlafzimmer-2048x1536.jpg 2048w\" sizes=\"auto, (max-width: 706px) 89vw, (max-width: 767px) 82vw, 740px\" \/><\/figure>\n<\/div>\n\n<div class=\"wp-block-image is-resized is-style-rounded\">\n<figure class=\"aligncenter size-large\"><img loading=\"lazy\" decoding=\"async\" width=\"904\" height=\"1024\" src=\"http:\/\/bergasthofkogl.de\/wp-content\/uploads\/2022\/08\/IMG_9077-Kueche-904x1024.jpg\" alt=\"\" class=\"wp-image-453\" style=\"width:394px;height:auto\" srcset=\"https:\/\/berggasthofkogl.de\/wp-content\/uploads\/2022\/08\/IMG_9077-Kueche-904x1024.jpg 904w, https:\/\/berggasthofkogl.de\/wp-content\/uploads\/2022\/08\/IMG_9077-Kueche-265x300.jpg 265w, https:\/\/berggasthofkogl.de\/wp-content\/uploads\/2022\/08\/IMG_9077-Kueche-768x870.jpg 768w, https:\/\/berggasthofkogl.de\/wp-content\/uploads\/2022\/08\/IMG_9077-Kueche-1356x1536.jpg 1356w, https:\/\/berggasthofkogl.de\/wp-content\/uploads\/2022\/08\/IMG_9077-Kueche-1808x2048.jpg 1808w\" sizes=\"auto, (max-width: 706px) 89vw, (max-width: 767px) 82vw, 740px\" \/><figcaption class=\"wp-element-caption\">K\u00fcche mit Sitzm\u00f6glichkeit<\/figcaption><\/figure>\n<\/div>\n\n<div class=\"wp-block-image is-resized is-style-rounded\">\n<figure class=\"aligncenter size-large\"><img loading=\"lazy\" decoding=\"async\" width=\"814\" height=\"1024\" src=\"http:\/\/bergasthofkogl.de\/wp-content\/uploads\/2022\/08\/IMG_9090-Bad-814x1024.jpg\" alt=\"\" class=\"wp-image-454\" style=\"width:372px;height:auto\" srcset=\"https:\/\/berggasthofkogl.de\/wp-content\/uploads\/2022\/08\/IMG_9090-Bad-814x1024.jpg 814w, https:\/\/berggasthofkogl.de\/wp-content\/uploads\/2022\/08\/IMG_9090-Bad-238x300.jpg 238w, https:\/\/berggasthofkogl.de\/wp-content\/uploads\/2022\/08\/IMG_9090-Bad-768x966.jpg 768w, https:\/\/berggasthofkogl.de\/wp-content\/uploads\/2022\/08\/IMG_9090-Bad-1221x1536.jpg 1221w, https:\/\/berggasthofkogl.de\/wp-content\/uploads\/2022\/08\/IMG_9090-Bad-1628x2048.jpg 1628w, https:\/\/berggasthofkogl.de\/wp-content\/uploads\/2022\/08\/IMG_9090-Bad-scaled.jpg 2035w\" sizes=\"auto, (max-width: 706px) 89vw, (max-width: 767px) 82vw, 740px\" \/><figcaption class=\"wp-element-caption\">Badezimmer<\/figcaption><\/figure>\n<\/div>","protected":false},"excerpt":{"rendered":"<p>Urlaub ist die sch\u00f6nste Zeit! Unsere ger\u00e4umigen, liebevoll eingerichteten Ferienwohnungen im 1. Stock mit Balkon und sch\u00f6ner Aussicht \u00fcbers Inntal bieten sich immer f\u00fcr eine kleine Auszeit an. Platz ist in unseren ger\u00e4umigen 70qm gro\u00dfen Ferienwohnungen f\u00fcr 2-4 Personen. In unseren Ferienwohnungen ist in jeder Ferienwohnung ein Doppelzimmer und ein Zweibettzimmer. Gerne nehmen wir Ihre &hellip; <\/p>\n<p class=\"link-more\"><a href=\"https:\/\/berggasthofkogl.de\/?page_id=35\" class=\"more-link\"><span class=\"screen-reader-text\">\u201eFerienwohnungen\u201c<\/span> weiterlesen<\/a><\/p>\n","protected":false},"author":1,"featured_media":0,"parent":0,"menu_order":0,"comment_status":"closed","ping_status":"closed","template":"","meta":{"footnotes":""},"class_list":["post-35","page","type-page","status-publish","hentry"],"_links":{"self":[{"href":"https:\/\/berggasthofkogl.de\/index.php?rest_route=\/wp\/v2\/pages\/35","targetHints":{"allow":["GET"]}}],"collection":[{"href":"https:\/\/berggasthofkogl.de\/index.php?rest_route=\/wp\/v2\/pages"}],"about":[{"href":"https:\/\/berggasthofkogl.de\/index.php?rest_route=\/wp\/v2\/types\/page"}],"author":[{"embeddable":true,"href":"https:\/\/berggasthofkogl.de\/index.php?rest_route=\/wp\/v2\/users\/1"}],"replies":[{"embeddable":true,"href":"https:\/\/berggasthofkogl.de\/index.php?rest_route=%2Fwp%2Fv2%2Fcomments&post=35"}],"version-history":[{"count":16,"href":"https:\/\/berggasthofkogl.de\/index.php?rest_route=\/wp\/v2\/pages\/35\/revisions"}],"predecessor-version":[{"id":876,"href":"https:\/\/berggasthofkogl.de\/index.php?rest_route=\/wp\/v2\/pages\/35\/revisions\/876"}],"wp:attachment":[{"href":"https:\/\/berggasthofkogl.de\/index.php?rest_route=%2Fwp%2Fv2%2Fmedia&parent=35"}],"curies":[{"name":"wp","href":"https:\/\/api.w.org\/{rel}","templated":true}]}}