{"id":32,"date":"2020-02-28T07:53:52","date_gmt":"2020-02-28T07:53:52","guid":{"rendered":"http:\/\/bergasthofkogl.de\/?page_id=32"},"modified":"2025-05-20T08:32:21","modified_gmt":"2025-05-20T08:32:21","slug":"gasthaus","status":"publish","type":"page","link":"https:\/\/berggasthofkogl.de\/?page_id=32","title":{"rendered":"Gasthaus"},"content":{"rendered":"\n<p class=\"has-text-align-center\">Unser Hof liegt in idyllischer Lage. Umringt von Bergen, haben Sie einen traumhaften Ausblick auf das sch\u00f6ne Inntal und die umliegenden Berge.<\/p>\n\n\n<div class=\"wp-block-image is-style-circle-mask\">\n<figure class=\"aligncenter size-large is-resized\"><img loading=\"lazy\" decoding=\"async\" width=\"2560\" height=\"1920\" src=\"http:\/\/bergasthofkogl.de\/wp-content\/uploads\/2020\/06\/DSCF1892-2-scaled.jpg\" alt=\"\" class=\"wp-image-117\" style=\"width:522px;height:392px\" srcset=\"https:\/\/berggasthofkogl.de\/wp-content\/uploads\/2020\/06\/DSCF1892-2-scaled.jpg 2560w, https:\/\/berggasthofkogl.de\/wp-content\/uploads\/2020\/06\/DSCF1892-2-300x225.jpg 300w, https:\/\/berggasthofkogl.de\/wp-content\/uploads\/2020\/06\/DSCF1892-2-768x576.jpg 768w, https:\/\/berggasthofkogl.de\/wp-content\/uploads\/2020\/06\/DSCF1892-2-1536x1152.jpg 1536w, https:\/\/berggasthofkogl.de\/wp-content\/uploads\/2020\/06\/DSCF1892-2-2048x1536.jpg 2048w\" sizes=\"auto, (max-width: 706px) 89vw, (max-width: 767px) 82vw, 740px\" \/><\/figure>\n<\/div>\n\n\n<p class=\"has-text-align-center\">F\u00fcr unsere G\u00e4ste bereiten wir t\u00e4glich frische verschieden Spezialit\u00e4ten zu. Neben bayrischer K\u00fcche, deftigen Brotzeiten, s\u00fc\u00dfen Nachspeisen und Torten gibt es f\u00fcr Sie ein ganz besonderes Schmankerl, unsere Wildspezialit\u00e4ten aus eigener Zucht.<\/p>\n\n\n<div class=\"wp-block-image is-style-rounded\">\n<figure class=\"aligncenter size-large is-resized\"><img loading=\"lazy\" decoding=\"async\" width=\"1024\" height=\"768\" src=\"https:\/\/berggasthofkogl.de\/wp-content\/uploads\/2023\/05\/DSCF0648-2-1-1024x768.jpg\" alt=\"\" class=\"wp-image-574\" style=\"width:380px;height:284px\" srcset=\"https:\/\/berggasthofkogl.de\/wp-content\/uploads\/2023\/05\/DSCF0648-2-1-1024x768.jpg 1024w, https:\/\/berggasthofkogl.de\/wp-content\/uploads\/2023\/05\/DSCF0648-2-1-300x225.jpg 300w, https:\/\/berggasthofkogl.de\/wp-content\/uploads\/2023\/05\/DSCF0648-2-1-768x576.jpg 768w, https:\/\/berggasthofkogl.de\/wp-content\/uploads\/2023\/05\/DSCF0648-2-1-1536x1152.jpg 1536w, https:\/\/berggasthofkogl.de\/wp-content\/uploads\/2023\/05\/DSCF0648-2-1-2048x1536.jpg 2048w\" sizes=\"auto, (max-width: 706px) 89vw, (max-width: 767px) 82vw, 740px\" \/><\/figure>\n<\/div>\n\n\n<pre class=\"wp-block-verse has-text-align-center\" style=\"font-size:17px\">Das Wildgehege nebenan ist ein echter Hingucker f\u00fcr Gro\u00df und Klein.<\/pre>\n\n\n<div class=\"wp-block-image\">\n<figure class=\"aligncenter is-resized\"><img loading=\"lazy\" decoding=\"async\" width=\"1024\" height=\"768\" src=\"http:\/\/bergasthofkogl.de\/wp-content\/uploads\/2020\/06\/DSCF1903-2-4-1024x768.jpg\" alt=\"\" class=\"wp-image-125\" style=\"width:416px;height:312px\" srcset=\"https:\/\/berggasthofkogl.de\/wp-content\/uploads\/2020\/06\/DSCF1903-2-4-1024x768.jpg 1024w, https:\/\/berggasthofkogl.de\/wp-content\/uploads\/2020\/06\/DSCF1903-2-4-300x225.jpg 300w, https:\/\/berggasthofkogl.de\/wp-content\/uploads\/2020\/06\/DSCF1903-2-4-768x576.jpg 768w, https:\/\/berggasthofkogl.de\/wp-content\/uploads\/2020\/06\/DSCF1903-2-4-1536x1152.jpg 1536w, https:\/\/berggasthofkogl.de\/wp-content\/uploads\/2020\/06\/DSCF1903-2-4-2048x1536.jpg 2048w\" sizes=\"auto, (max-width: 706px) 89vw, (max-width: 767px) 82vw, 740px\" \/><\/figure>\n<\/div>\n\n\n<p class=\"has-text-align-center\">Hier kann man die Hirsche beobachten und ab und zu traut sich ein kleines Kalb hervor. Unsere Hirschk\u00e4lber erblicken ab ca. Mitte Mai das Licht der Erde.  <\/p>\n\n\n\n<p><\/p>\n\n\n<div class=\"wp-block-image is-style-circle-mask\">\n<figure class=\"aligncenter is-resized\"><img loading=\"lazy\" decoding=\"async\" width=\"300\" height=\"300\" src=\"http:\/\/bergasthofkogl.de\/wp-content\/uploads\/2020\/02\/Spielplatz1.jpg\" alt=\"\" class=\"wp-image-50\" style=\"width:297px;height:297px\" srcset=\"https:\/\/berggasthofkogl.de\/wp-content\/uploads\/2020\/02\/Spielplatz1.jpg 300w, https:\/\/berggasthofkogl.de\/wp-content\/uploads\/2020\/02\/Spielplatz1-150x150.jpg 150w, https:\/\/berggasthofkogl.de\/wp-content\/uploads\/2020\/02\/Spielplatz1-100x100.jpg 100w\" sizes=\"auto, (max-width: 300px) 100vw, 300px\" \/><\/figure>\n<\/div>\n\n\n<p class=\"has-text-align-center\"> Der Kinderspielplatz l\u00e4sst den Kindern viel Freiraum zum Spielen in der frischen Bergluft. <\/p>\n\n\n\n<p><\/p>\n\n\n\n<p><\/p>\n\n\n\n<p class=\"has-text-align-center\" style=\"font-size:18px\"><strong>Tischreservierungen sind bei uns nur telefonisch m\u00f6glich. <\/strong>                                      <strong>Bitte beachten Sie das bei uns keine Kredit-\/EC-Kartenzahlung m\u00f6glich ist.<\/strong><\/p>\n","protected":false},"excerpt":{"rendered":"<p>Unser Hof liegt in idyllischer Lage. Umringt von Bergen, haben Sie einen traumhaften Ausblick auf das sch\u00f6ne Inntal und die umliegenden Berge. F\u00fcr unsere G\u00e4ste bereiten wir t\u00e4glich frische verschieden Spezialit\u00e4ten zu. Neben bayrischer K\u00fcche, deftigen Brotzeiten, s\u00fc\u00dfen Nachspeisen und Torten gibt es f\u00fcr Sie ein ganz besonderes Schmankerl, unsere Wildspezialit\u00e4ten aus eigener Zucht. Das &hellip; <\/p>\n<p class=\"link-more\"><a href=\"https:\/\/berggasthofkogl.de\/?page_id=32\" class=\"more-link\"><span class=\"screen-reader-text\">\u201eGasthaus\u201c<\/span> weiterlesen<\/a><\/p>\n","protected":false},"author":1,"featured_media":0,"parent":0,"menu_order":0,"comment_status":"closed","ping_status":"closed","template":"","meta":{"footnotes":""},"class_list":["post-32","page","type-page","status-publish","hentry"],"_links":{"self":[{"href":"https:\/\/berggasthofkogl.de\/index.php?rest_route=\/wp\/v2\/pages\/32","targetHints":{"allow":["GET"]}}],"collection":[{"href":"https:\/\/berggasthofkogl.de\/index.php?rest_route=\/wp\/v2\/pages"}],"about":[{"href":"https:\/\/berggasthofkogl.de\/index.php?rest_route=\/wp\/v2\/types\/page"}],"author":[{"embeddable":true,"href":"https:\/\/berggasthofkogl.de\/index.php?rest_route=\/wp\/v2\/users\/1"}],"replies":[{"embeddable":true,"href":"https:\/\/berggasthofkogl.de\/index.php?rest_route=%2Fwp%2Fv2%2Fcomments&post=32"}],"version-history":[{"count":23,"href":"https:\/\/berggasthofkogl.de\/index.php?rest_route=\/wp\/v2\/pages\/32\/revisions"}],"predecessor-version":[{"id":877,"href":"https:\/\/berggasthofkogl.de\/index.php?rest_route=\/wp\/v2\/pages\/32\/revisions\/877"}],"wp:attachment":[{"href":"https:\/\/berggasthofkogl.de\/index.php?rest_route=%2Fwp%2Fv2%2Fmedia&parent=32"}],"curies":[{"name":"wp","href":"https:\/\/api.w.org\/{rel}","templated":true}]}}